{"id":5020,"date":"2026-04-16T14:22:12","date_gmt":"2026-04-16T11:22:12","guid":{"rendered":"https:\/\/torkkelijewellery.louhos.website\/?post_type=product&#038;p=5020"},"modified":"2026-04-16T14:26:59","modified_gmt":"2026-04-16T11:26:59","slug":"classic-slim-sormus-3mm-levea","status":"publish","type":"product","link":"https:\/\/torkkelijewellery.louhos.website\/en\/tuote\/for-men\/rings-for-men\/5020\/classic-slim-sormus-3mm-levea\/","title":{"rendered":"Classic Slim &#8211; Sormus 3mm leve\u00e4"},"content":{"rendered":"<p data-start=\"231\" data-end=\"486\">Classic Slim -sormus edustaa pelkistetty\u00e4 ja ajattoman tyylik\u00e4st\u00e4 muotoilua, jossa yhdistyv\u00e4t k\u00e4yt\u00e4nn\u00f6llisyys ja huoliteltu viimeistely. Se on suunniteltu sinulle, joka arvostat selke\u00e4\u00e4 estetiikkaa ja vaivatonta k\u00e4ytt\u00f6mukavuutta jokap\u00e4iv\u00e4isess\u00e4 el\u00e4m\u00e4ss\u00e4.<\/p>\n<p data-start=\"488\" data-end=\"756\">Sormuksen 3 mm leveys ja kevyt rakenne tekev\u00e4t siit\u00e4 miellytt\u00e4v\u00e4n k\u00e4ytt\u00e4\u00e4, ja py\u00f6ristetty sis\u00e4pinta (comfort fit) varmistaa, ett\u00e4 sormus tuntuu luonnolliselta sormessa koko p\u00e4iv\u00e4n ajan. Huolellisesti viimeistelty muotoilu tekee siit\u00e4 kest\u00e4v\u00e4n ja pitk\u00e4ik\u00e4isen valinnan.<\/p>\n<p data-start=\"758\" data-end=\"942\">Sormus on saatavilla kolmella eri pintaviimeistelyll\u00e4: naarmupinta tuo rouheaa ilmett\u00e4, kiilt\u00e4v\u00e4 pinta korostaa klassista eleganssia ja mattapinta luo modernin, hillityn kokonaisuuden.<\/p>\n<p data-start=\"944\" data-end=\"1071\">Kaikki sormuksemme valmistetaan k\u00e4sity\u00f6n\u00e4 Suomessa kierr\u00e4tetyist\u00e4 jalometalleista, yhdist\u00e4en vastuullisuuden ja korkean laadun.<\/p>\n","protected":false},"excerpt":{"rendered":"<p data-start=\"231\" data-end=\"486\">Classic Slim -sormus edustaa pelkistetty\u00e4 ja ajattoman tyylik\u00e4st\u00e4 muotoilua, jossa yhdistyv\u00e4t k\u00e4yt\u00e4nn\u00f6llisyys ja huoliteltu viimeistely. Se on suunniteltu sinulle, joka arvostat selke\u00e4\u00e4 estetiikkaa ja vaivatonta k\u00e4ytt\u00f6mukavuutta jokap\u00e4iv\u00e4isess\u00e4 el\u00e4m\u00e4ss\u00e4.<\/p>\n<p data-start=\"488\" data-end=\"756\">\n","protected":false},"featured_media":5033,"comment_status":"closed","ping_status":"closed","template":"","meta":{"_acf_changed":false,"_kad_blocks_custom_css":"","_kad_blocks_head_custom_js":"","_kad_blocks_body_custom_js":"","_kad_blocks_footer_custom_js":"","_kad_post_transparent":"default","_kad_post_title":"","_kad_post_layout":"default","_kad_post_sidebar_id":"","_kad_post_content_style":"default","_kad_post_vertical_padding":"default","_kad_post_feature":"","_kad_post_feature_position":"","_kad_post_header":false,"_kad_post_footer":false,"_kad_post_classname":""},"product_brand":[],"product_cat":[64,114,61],"product_tag":[],"class_list":{"0":"post-5020","1":"product","2":"type-product","3":"status-publish","4":"has-post-thumbnail","6":"product_cat-miehille","7":"product_cat-miesten-sormukset","8":"product_cat-sormukset","10":"first","11":"instock","12":"taxable","13":"shipping-taxable","14":"purchasable","15":"product-type-variable","16":"entry","17":"content-bg","18":"loop-entry"},"acf":[],"taxonomy_info":{"product_cat":[{"value":64,"label":"Miehille"},{"value":114,"label":"Miesten sormukset"},{"value":61,"label":"Sormukset"}]},"featured_image_src_large":["https:\/\/torkkelijewellery.louhos.website\/wp-content\/uploads\/2026\/04\/classicsormusvk3mm-1024x1024.jpg",1024,1024,true],"author_info":[],"comment_info":0,"_links":{"self":[{"href":"https:\/\/torkkelijewellery.louhos.website\/en\/wp-json\/wp\/v2\/product\/5020","targetHints":{"allow":["GET"]}}],"collection":[{"href":"https:\/\/torkkelijewellery.louhos.website\/en\/wp-json\/wp\/v2\/product"}],"about":[{"href":"https:\/\/torkkelijewellery.louhos.website\/en\/wp-json\/wp\/v2\/types\/product"}],"replies":[{"embeddable":true,"href":"https:\/\/torkkelijewellery.louhos.website\/en\/wp-json\/wp\/v2\/comments?post=5020"}],"wp:featuredmedia":[{"embeddable":true,"href":"https:\/\/torkkelijewellery.louhos.website\/en\/wp-json\/wp\/v2\/media\/5033"}],"wp:attachment":[{"href":"https:\/\/torkkelijewellery.louhos.website\/en\/wp-json\/wp\/v2\/media?parent=5020"}],"wp:term":[{"taxonomy":"product_brand","embeddable":true,"href":"https:\/\/torkkelijewellery.louhos.website\/en\/wp-json\/wp\/v2\/product_brand?post=5020"},{"taxonomy":"product_cat","embeddable":true,"href":"https:\/\/torkkelijewellery.louhos.website\/en\/wp-json\/wp\/v2\/product_cat?post=5020"},{"taxonomy":"product_tag","embeddable":true,"href":"https:\/\/torkkelijewellery.louhos.website\/en\/wp-json\/wp\/v2\/product_tag?post=5020"}],"curies":[{"name":"wp","href":"https:\/\/api.w.org\/{rel}","templated":true}]}}