{"id":5133,"date":"2026-04-16T14:51:35","date_gmt":"2026-04-16T11:51:35","guid":{"rendered":"https:\/\/torkkelijewellery.louhos.website\/?post_type=product&#038;p=5133"},"modified":"2026-04-17T11:22:15","modified_gmt":"2026-04-17T08:22:15","slug":"classic-sormus-4mm-levea","status":"publish","type":"product","link":"https:\/\/torkkelijewellery.louhos.website\/en\/tuote\/for-men\/rings-for-men\/5133\/classic-sormus-4mm-levea\/","title":{"rendered":"Classic &#8211; Sormus 4mm leve\u00e4"},"content":{"rendered":"<p data-start=\"193\" data-end=\"426\">Classic-sormus on ajaton valinta miehelle, joka arvostaa selke\u00e4\u00e4 muotoilua ja tuntumaa, joka ei j\u00e4\u00e4 huomaamatta. Sen pelkistetty design yhdistyy vahvempaan rakenteeseen, mik\u00e4 tekee sormuksesta j\u00e4m\u00e4k\u00e4n ja arvokkaan tuntuisen sormessa.<\/p>\n<p data-start=\"428\" data-end=\"707\">Sormuksen 4 mm leveys ja paksumpi, noin 1.7 mm ainevahvuus luovat tasapainoisen kokonaisuuden, jossa tyylik\u00e4s ulkon\u00e4k\u00f6 yhdistyy selv\u00e4sti painavampaan ja kest\u00e4v\u00e4mp\u00e4\u00e4n rakenteeseen. T\u00e4m\u00e4 tekee siit\u00e4 erinomaisen vaihtoehdon sinulle, joka haluat huolitellun mutta tukevan vihkisormuksen.<\/p>\n<p data-start=\"709\" data-end=\"891\">Py\u00f6ristetty sis\u00e4pinta (comfort fit) varmistaa k\u00e4ytt\u00f6mukavuuden my\u00f6s paksummassa rakenteessa. Sormus istuu sormessa luonnollisesti ja s\u00e4ilytt\u00e4\u00e4 miellytt\u00e4v\u00e4n tuntuman koko p\u00e4iv\u00e4n ajan.<\/p>\n<p data-start=\"893\" data-end=\"1016\">Classic-malli edustaa hillitty\u00e4 maskuliinista eleganssia \u2013 sormus, joka kest\u00e4\u00e4 aikaa sek\u00e4 muotoilultaan ett\u00e4 rakenteeltaan.<\/p>\n<p data-start=\"1018\" data-end=\"1156\">Kaikki sormuksemme valmistetaan k\u00e4sity\u00f6n\u00e4 Suomessa kierr\u00e4tetyist\u00e4 jalometalleista, yhdist\u00e4en vastuullisuuden ja ensiluokkaisen ty\u00f6nj\u00e4ljen.<\/p>\n","protected":false},"excerpt":{"rendered":"<p data-start=\"231\" data-end=\"486\">Classic -sormus edustaa pelkistetty\u00e4 ja ajattoman tyylik\u00e4st\u00e4 muotoilua, jossa yhdistyv\u00e4t k\u00e4yt\u00e4nn\u00f6llisyys ja huoliteltu viimeistely. Se on suunniteltu sinulle, joka arvostat selke\u00e4\u00e4 estetiikkaa ja vaivatonta k\u00e4ytt\u00f6mukavuutta jokap\u00e4iv\u00e4isess\u00e4 el\u00e4m\u00e4ss\u00e4.<\/p>\n<p data-start=\"488\" data-end=\"756\">\n","protected":false},"featured_media":5007,"comment_status":"closed","ping_status":"closed","template":"","meta":{"_acf_changed":false,"_kad_blocks_custom_css":"","_kad_blocks_head_custom_js":"","_kad_blocks_body_custom_js":"","_kad_blocks_footer_custom_js":"","_kad_post_transparent":"default","_kad_post_title":"","_kad_post_layout":"default","_kad_post_sidebar_id":"","_kad_post_content_style":"default","_kad_post_vertical_padding":"default","_kad_post_feature":"","_kad_post_feature_position":"","_kad_post_header":false,"_kad_post_footer":false,"_kad_post_classname":""},"product_brand":[],"product_cat":[64,114],"product_tag":[],"class_list":{"0":"post-5133","1":"product","2":"type-product","3":"status-publish","4":"has-post-thumbnail","6":"product_cat-miehille","7":"product_cat-miesten-sormukset","9":"first","10":"instock","11":"taxable","12":"shipping-taxable","13":"purchasable","14":"product-type-variable","15":"entry","16":"content-bg","17":"loop-entry"},"acf":[],"taxonomy_info":{"product_cat":[{"value":64,"label":"Miehille"},{"value":114,"label":"Miesten sormukset"}]},"featured_image_src_large":["https:\/\/torkkelijewellery.louhos.website\/wp-content\/uploads\/2026\/04\/1200x1200_49641_-Classic-Sormus-palladium.jpg",570,569,false],"author_info":[],"comment_info":0,"_links":{"self":[{"href":"https:\/\/torkkelijewellery.louhos.website\/en\/wp-json\/wp\/v2\/product\/5133","targetHints":{"allow":["GET"]}}],"collection":[{"href":"https:\/\/torkkelijewellery.louhos.website\/en\/wp-json\/wp\/v2\/product"}],"about":[{"href":"https:\/\/torkkelijewellery.louhos.website\/en\/wp-json\/wp\/v2\/types\/product"}],"replies":[{"embeddable":true,"href":"https:\/\/torkkelijewellery.louhos.website\/en\/wp-json\/wp\/v2\/comments?post=5133"}],"wp:featuredmedia":[{"embeddable":true,"href":"https:\/\/torkkelijewellery.louhos.website\/en\/wp-json\/wp\/v2\/media\/5007"}],"wp:attachment":[{"href":"https:\/\/torkkelijewellery.louhos.website\/en\/wp-json\/wp\/v2\/media?parent=5133"}],"wp:term":[{"taxonomy":"product_brand","embeddable":true,"href":"https:\/\/torkkelijewellery.louhos.website\/en\/wp-json\/wp\/v2\/product_brand?post=5133"},{"taxonomy":"product_cat","embeddable":true,"href":"https:\/\/torkkelijewellery.louhos.website\/en\/wp-json\/wp\/v2\/product_cat?post=5133"},{"taxonomy":"product_tag","embeddable":true,"href":"https:\/\/torkkelijewellery.louhos.website\/en\/wp-json\/wp\/v2\/product_tag?post=5133"}],"curies":[{"name":"wp","href":"https:\/\/api.w.org\/{rel}","templated":true}]}}