{"id":5226,"date":"2026-04-17T12:05:31","date_gmt":"2026-04-17T09:05:31","guid":{"rendered":"https:\/\/torkkelijewellery.louhos.website\/?post_type=product&#038;p=5226"},"modified":"2026-04-17T12:07:38","modified_gmt":"2026-04-17T09:07:38","slug":"roche-taottu-sormus-4-mm-levea","status":"publish","type":"product","link":"https:\/\/torkkelijewellery.louhos.website\/en\/tuote\/for-men\/rings-for-men\/5226\/roche-taottu-sormus-4-mm-levea\/","title":{"rendered":"Roche &#8211; Taottu Sormus, 4 mm leve\u00e4"},"content":{"rendered":"<p data-start=\"224\" data-end=\"420\">Roche-sormus on t\u00e4ydellinen yhdistelm\u00e4 raakaa k\u00e4sity\u00f6t\u00e4 ja ajatonta muotoilua. Sen tunnusomainen pitkitt\u00e4in taottu pinta tekee jokaisesta sormuksesta yksil\u00f6llisen \u2013 mik\u00e4\u00e4n kappale ei ole t\u00e4ysin samanlainen.<\/p>\n<p data-start=\"422\" data-end=\"653\">Py\u00f6ristetty, 4 mm leve\u00e4 runko luo tasapainoisen ja miellytt\u00e4v\u00e4n kokonaisuuden, jossa orgaaninen tekstuuri kohtaa klassisen muodon. Sormus tuntuu sormessa luonnolliselta, mutta sen el\u00e4v\u00e4 pinta antaa sille vahvan ja erottuvan ilmeen.<\/p>\n<p data-start=\"655\" data-end=\"866\">Roche valmistetaan aina alusta asti k\u00e4sity\u00f6n\u00e4 ja taotaan yksil\u00f6llisesti juuri sinua varten. T\u00e4m\u00e4 tekee siit\u00e4 enemm\u00e4n kuin sormuksen \u2013 se on henkil\u00f6kohtainen, ainutlaatuinen koru, jossa n\u00e4kyy tekij\u00e4n k\u00e4denj\u00e4lki.<\/p>\n<p data-start=\"868\" data-end=\"1087\">Vaikka Roche on unisex-malli, sen selke\u00e4 ja rouhea estetiikka tekee siit\u00e4 erityisen suositun miesten keskuudessa. Se sopii erinomaisesti vihkisormukseksi tai arjen k\u00e4ytt\u00f6\u00f6n, kun haluat sormuksen jok on sek\u00e4 ajaton mutta my\u00f6s erottuva.<\/p>\n<p data-start=\"1089\" data-end=\"1214\">Kaikki sormuksemme valmistetaan Suomessa kierr\u00e4tetyist\u00e4 jalometalleista, yhdist\u00e4en vastuullisuuden, laadun ja aidon k\u00e4sity\u00f6n.<\/p>\n","protected":false},"excerpt":{"rendered":"<p>Uniikki k\u00e4sintaottu 4 mm sormus, jossa jokainen pinta on yksil\u00f6llinen. Ajaton muotoilu kohtaa rouhean tekstuurin. K\u00e4sintehty Suomessa kierr\u00e4tetyist\u00e4 jalometalleista.<\/p>\n","protected":false},"featured_media":5235,"comment_status":"closed","ping_status":"closed","template":"","meta":{"_acf_changed":false,"_kad_blocks_custom_css":"","_kad_blocks_head_custom_js":"","_kad_blocks_body_custom_js":"","_kad_blocks_footer_custom_js":"","_kad_post_transparent":"default","_kad_post_title":"","_kad_post_layout":"default","_kad_post_sidebar_id":"","_kad_post_content_style":"default","_kad_post_vertical_padding":"default","_kad_post_feature":"","_kad_post_feature_position":"","_kad_post_header":false,"_kad_post_footer":false,"_kad_post_classname":""},"product_brand":[],"product_cat":[63,64,114,61],"product_tag":[],"class_list":{"0":"post-5226","1":"product","2":"type-product","3":"status-publish","4":"has-post-thumbnail","6":"product_cat-kihla-ja-vihkisormukset","7":"product_cat-miehille","8":"product_cat-miesten-sormukset","9":"product_cat-sormukset","11":"first","12":"instock","13":"taxable","14":"shipping-taxable","15":"purchasable","16":"product-type-variable","17":"entry","18":"content-bg","19":"loop-entry"},"acf":[],"taxonomy_info":{"product_cat":[{"value":63,"label":"Kihla- ja vihkisormukset"},{"value":64,"label":"Miehille"},{"value":114,"label":"Miesten sormukset"},{"value":61,"label":"Sormukset"}]},"featured_image_src_large":["https:\/\/torkkelijewellery.louhos.website\/wp-content\/uploads\/2026\/04\/rochesormus4mmkelta-1024x1024.jpg",1024,1024,true],"author_info":[],"comment_info":0,"_links":{"self":[{"href":"https:\/\/torkkelijewellery.louhos.website\/en\/wp-json\/wp\/v2\/product\/5226","targetHints":{"allow":["GET"]}}],"collection":[{"href":"https:\/\/torkkelijewellery.louhos.website\/en\/wp-json\/wp\/v2\/product"}],"about":[{"href":"https:\/\/torkkelijewellery.louhos.website\/en\/wp-json\/wp\/v2\/types\/product"}],"replies":[{"embeddable":true,"href":"https:\/\/torkkelijewellery.louhos.website\/en\/wp-json\/wp\/v2\/comments?post=5226"}],"wp:featuredmedia":[{"embeddable":true,"href":"https:\/\/torkkelijewellery.louhos.website\/en\/wp-json\/wp\/v2\/media\/5235"}],"wp:attachment":[{"href":"https:\/\/torkkelijewellery.louhos.website\/en\/wp-json\/wp\/v2\/media?parent=5226"}],"wp:term":[{"taxonomy":"product_brand","embeddable":true,"href":"https:\/\/torkkelijewellery.louhos.website\/en\/wp-json\/wp\/v2\/product_brand?post=5226"},{"taxonomy":"product_cat","embeddable":true,"href":"https:\/\/torkkelijewellery.louhos.website\/en\/wp-json\/wp\/v2\/product_cat?post=5226"},{"taxonomy":"product_tag","embeddable":true,"href":"https:\/\/torkkelijewellery.louhos.website\/en\/wp-json\/wp\/v2\/product_tag?post=5226"}],"curies":[{"name":"wp","href":"https:\/\/api.w.org\/{rel}","templated":true}]}}